{"id":978,"date":"2024-12-18T01:32:22","date_gmt":"2024-12-18T01:32:22","guid":{"rendered":"https:\/\/vboulevard.com\/?page_id=978"},"modified":"2025-11-13T22:11:57","modified_gmt":"2025-11-13T22:11:57","slug":"about","status":"publish","type":"page","link":"https:\/\/vboulevard.com\/es\/about\/","title":{"rendered":"Acerca de"},"content":{"rendered":"<div class=\"wp-block-cover alignfull\" style=\"min-height:931px;aspect-ratio:unset;\"><img loading=\"lazy\" decoding=\"async\" width=\"1800\" height=\"1210\" class=\"wp-block-cover__image-background wp-image-802\" alt=\"\" src=\"https:\/\/vboulevard.com\/wp-content\/uploads\/2024\/12\/commercial-area-vboulevard-1.webp\" data-object-fit=\"cover\" srcset=\"https:\/\/vboulevard.com\/wp-content\/uploads\/2024\/12\/commercial-area-vboulevard-1.webp 1800w, https:\/\/vboulevard.com\/wp-content\/uploads\/2024\/12\/commercial-area-vboulevard-1-300x202.webp 300w, https:\/\/vboulevard.com\/wp-content\/uploads\/2024\/12\/commercial-area-vboulevard-1-1024x688.webp 1024w, https:\/\/vboulevard.com\/wp-content\/uploads\/2024\/12\/commercial-area-vboulevard-1-768x516.webp 768w, https:\/\/vboulevard.com\/wp-content\/uploads\/2024\/12\/commercial-area-vboulevard-1-1536x1033.webp 1536w, https:\/\/vboulevard.com\/wp-content\/uploads\/2024\/12\/commercial-area-vboulevard-1-18x12.webp 18w\" sizes=\"auto, (max-width: 1800px) 100vw, 1800px\" \/><span aria-hidden=\"true\" class=\"wp-block-cover__background has-black-background-color has-background-dim-40 has-background-dim\"><\/span><div class=\"wp-block-cover__inner-container is-layout-constrained wp-block-cover-is-layout-constrained\">\n<p class=\"curv bot has-text-align-center\" style=\"font-size:5vw\">Acerca de<\/p>\n\n\n\n<div style=\"height:60px\" aria-hidden=\"true\" class=\"wp-block-spacer\"><\/div>\n<\/div><\/div>\n\n\n\n<div class=\"top wp-block-cover alignfull has-parallax\"><div class=\"wp-block-cover__image-background wp-image-14 has-parallax\" style=\"background-position:50% 50%;background-image:url(https:\/\/vboulevard.com\/wp-content\/uploads\/2024\/09\/Vboulevard-coming-soon.webp)\"><\/div><span aria-hidden=\"true\" class=\"wp-block-cover__background has-black-background-color has-background-dim\"><\/span><div class=\"wp-block-cover__inner-container is-layout-constrained wp-block-cover-is-layout-constrained\">\n<div style=\"height:19px\" aria-hidden=\"true\" class=\"wp-block-spacer\"><\/div>\n\n\n<div class=\"wp-block-image\">\n<figure class=\"aligncenter size-large is-resized\"><img loading=\"lazy\" decoding=\"async\" width=\"1024\" height=\"1024\" src=\"https:\/\/vboulevard.com\/wp-content\/uploads\/2024\/12\/sello-grupo-heva-1024x1024.webp\" alt=\"\" class=\"wp-image-988\" style=\"width:164px;height:auto\" srcset=\"https:\/\/vboulevard.com\/wp-content\/uploads\/2024\/12\/sello-grupo-heva-1024x1024.webp 1024w, https:\/\/vboulevard.com\/wp-content\/uploads\/2024\/12\/sello-grupo-heva-300x300.webp 300w, https:\/\/vboulevard.com\/wp-content\/uploads\/2024\/12\/sello-grupo-heva-150x150.webp 150w, https:\/\/vboulevard.com\/wp-content\/uploads\/2024\/12\/sello-grupo-heva-768x768.webp 768w, https:\/\/vboulevard.com\/wp-content\/uploads\/2024\/12\/sello-grupo-heva-1536x1536.webp 1536w, https:\/\/vboulevard.com\/wp-content\/uploads\/2024\/12\/sello-grupo-heva-12x12.webp 12w, https:\/\/vboulevard.com\/wp-content\/uploads\/2024\/12\/sello-grupo-heva.webp 1600w\" sizes=\"auto, (max-width: 1024px) 100vw, 1024px\" \/><\/figure>\n<\/div>\n\n\n<p class=\"has-text-align-center has-x-large-font-size\">\u00bfPor qu\u00e9 comprar en HEVA?<\/p>\n\n\n\n<div class=\"wp-block-columns are-vertically-aligned-center is-layout-flex wp-container-core-columns-is-layout-9d6595d7 wp-block-columns-is-layout-flex\">\n<div class=\"wp-block-column is-layout-flow wp-block-column-is-layout-flow\" style=\"flex-basis:2%\"><\/div>\n\n\n\n<div class=\"box1 wp-block-column is-vertically-aligned-center is-layout-flow wp-block-column-is-layout-flow\">\n<p class=\"has-text-align-center\">15 a\u00f1os desarrollando y construyendo en Puerto Vallarta<\/p>\n<\/div>\n\n\n\n<div class=\"box1 wp-block-column is-vertically-aligned-center is-layout-flow wp-block-column-is-layout-flow\">\n<p class=\"has-text-align-center\">8 proyectos terminados y ESCRITURADOS, casi 500 unidades<\/p>\n<\/div>\n\n\n\n<div class=\"box1 wp-block-column is-vertically-aligned-center is-layout-flow wp-block-column-is-layout-flow\">\n<p class=\"has-text-align-center\">Cada proyecto se complet\u00f3 y entreg\u00f3 A TIEMPO como se prometi\u00f3<\/p>\n<\/div>\n\n\n\n<div class=\"box1 wp-block-column is-vertically-aligned-center is-layout-flow wp-block-column-is-layout-flow\">\n<p class=\"has-text-align-center\">Los m\u00e1s altos est\u00e1ndares de calidad del mercado<\/p>\n<\/div>\n\n\n\n<div class=\"wp-block-column is-layout-flow wp-block-column-is-layout-flow\" style=\"flex-basis:2%\"><\/div>\n<\/div>\n\n\n\n<div style=\"height:27px\" aria-hidden=\"true\" class=\"wp-block-spacer\"><\/div>\n\n\n\n<div class=\"wp-block-columns are-vertically-aligned-center is-layout-flex wp-container-core-columns-is-layout-9d6595d7 wp-block-columns-is-layout-flex\">\n<div class=\"wp-block-column is-layout-flow wp-block-column-is-layout-flow\" style=\"flex-basis:5%\"><\/div>\n\n\n\n<div class=\"wp-block-column is-vertically-aligned-center is-layout-flow wp-block-column-is-layout-flow\" style=\"flex-basis:90%\">\n<p class=\"has-text-align-center\">SELLO de Garant\u00eda HEVA, iniciando con un proceso de entrega formal, entrega de equipos y manuales de mantenimiento, por parte de nuestro personal de entrega profesional y extendi\u00e9ndose a nuestro personal de garant\u00eda en plantilla, HEVA ofrece lo mejor en garant\u00eda fotovoltaica y programa de garant\u00eda por 1 a\u00f1o despu\u00e9s de la entrega de la unidad para todas las residencias y \u00e1reas comunes.<\/p>\n<\/div>\n\n\n\n<div class=\"wp-block-column is-layout-flow wp-block-column-is-layout-flow\" style=\"flex-basis:5%\"><\/div>\n<\/div>\n\n\n\n<div class=\"wp-block-buttons is-content-justification-center is-layout-flex wp-container-core-buttons-is-layout-16018d1d wp-block-buttons-is-layout-flex\">\n<div class=\"wp-block-button\"><a class=\"wp-block-button__link has-luminous-vivid-orange-background-color has-background has-medium-font-size has-text-align-center has-custom-font-size wp-element-button\" href=\"https:\/\/grupoheva.com\/the-heva-difference\/\" style=\"border-radius:5px\">La Diferencia HEVA<\/a><\/div>\n<\/div>\n\n\n\n<div style=\"height:98px\" aria-hidden=\"true\" class=\"wp-block-spacer\"><\/div>\n<\/div><\/div>\n\n\n\n<div style=\"height:78px\" aria-hidden=\"true\" class=\"wp-block-spacer\"><\/div>\n\n\n\n<div class=\"wp-block-media-text alignfull is-stacked-on-mobile is-vertically-aligned-center is-image-fill-element\" style=\"grid-template-columns:40% auto\"><figure class=\"wp-block-media-text__media\"><img loading=\"lazy\" decoding=\"async\" width=\"1024\" height=\"689\" src=\"https:\/\/vboulevard.com\/wp-content\/uploads\/2024\/12\/commercial-area-vboulevard-6-1024x689.webp\" alt=\"\" class=\"wp-image-800 size-full\" style=\"object-position:50% 50%\" srcset=\"https:\/\/vboulevard.com\/wp-content\/uploads\/2024\/12\/commercial-area-vboulevard-6-1024x689.webp 1024w, https:\/\/vboulevard.com\/wp-content\/uploads\/2024\/12\/commercial-area-vboulevard-6-300x202.webp 300w, https:\/\/vboulevard.com\/wp-content\/uploads\/2024\/12\/commercial-area-vboulevard-6-768x516.webp 768w, https:\/\/vboulevard.com\/wp-content\/uploads\/2024\/12\/commercial-area-vboulevard-6-1536x1033.webp 1536w, https:\/\/vboulevard.com\/wp-content\/uploads\/2024\/12\/commercial-area-vboulevard-6-18x12.webp 18w, https:\/\/vboulevard.com\/wp-content\/uploads\/2024\/12\/commercial-area-vboulevard-6.webp 2000w\" sizes=\"auto, (max-width: 1024px) 100vw, 1024px\" \/><\/figure><div class=\"wp-block-media-text__content\">\n<div style=\"height:50px\" aria-hidden=\"true\" class=\"wp-block-spacer\"><\/div>\n\n\n\n<p class=\"curv has-large-font-size\">Beneficios colaterales<\/p>\n\n\n\n<div style=\"height:50px\" aria-hidden=\"true\" class=\"wp-block-spacer\"><\/div>\n\n\n\n<p class=\"\">Cada proyecto ofrece alg\u00fan tipo de mejora o beneficio externo para la comunidad (por ejemplo, Aguacate Andador en Olas Altas, Club de Playa en Conchas Chinas, mejoras en el drenaje pluvial en Marina Vallarta, nueva acera y plantaci\u00f3n de 300 m en Marina Vallarta, 750 m de nueva calle pavimentada en Bucer\u00edas).&nbsp;<\/p>\n\n\n\n<p class=\"\">Los dise\u00f1os de estilo de vida funcionales y emocionantes incorporan importantes \u00e1reas de servicios, que incluyen:<\/p>\n\n\n\n<ul class=\"wp-block-list\">\n<li class=\"\">\u00c1reas de sal\u00f3n\/patio de estilo zen.<\/li>\n<\/ul>\n\n\n\n<p class=\"\">V Boulevard&nbsp;offers 3,000m\u00b2 of amenities, such as:<\/p>\n\n\n\n<ul class=\"wp-block-list\">\n<li class=\"\">Alberca<\/li>\n\n\n\n<li class=\"\">Jacuzzis tanto a nivel de piscina como en terrazas.<\/li>\n\n\n\n<li class=\"\">\u00c1reas de asador y sal\u00f3n en ambas torres.<\/li>\n\n\n\n<li class=\"\">Restaurante privado para residentes.<\/li>\n\n\n\n<li class=\"\">Gimnasio sustancial.<\/li>\n\n\n\n<li class=\"\">Sal\u00f3n de masajes.<\/li>\n\n\n\n<li class=\"\">Sala de juegos\/zona de descanso.<\/li>\n\n\n\n<li class=\"\">Plaza comercial de nivel 1 con seis locales comerciales.<\/li>\n<\/ul>\n\n\n\n<div style=\"height:10px\" aria-hidden=\"true\" class=\"wp-block-spacer\"><\/div>\n<\/div><\/div>\n\n\n\n<div style=\"height:56px\" aria-hidden=\"true\" class=\"wp-block-spacer\"><\/div>\n\n\n\n<div class=\"wp-block-media-text alignfull has-media-on-the-right is-stacked-on-mobile is-vertically-aligned-center is-image-fill-element\" style=\"grid-template-columns:auto 40%\"><div class=\"wp-block-media-text__content\">\n<div style=\"height:10px\" aria-hidden=\"true\" class=\"wp-block-spacer\"><\/div>\n\n\n\n<div style=\"height:50px\" aria-hidden=\"true\" class=\"wp-block-spacer\"><\/div>\n\n\n\n<p class=\"curv has-large-font-size\">M\u00e1s all\u00e1 del est\u00e1ndar<\/p>\n\n\n\n<div style=\"height:59px\" aria-hidden=\"true\" class=\"wp-block-spacer\"><\/div>\n\n\n\n<p class=\"\">Superamos los est\u00e1ndares de construcci\u00f3n convencionales con caracter\u00edsticas que nos distinguen, entre ellas:<\/p>\n\n\n\n<ul class=\"wp-block-list\">\n<li class=\"\">Agua potable filtrada con protecci\u00f3n contra rayos UV.<\/li>\n\n\n\n<li class=\"\">Un sistema de agua caliente con recirculaci\u00f3n para todas las residencias.<\/li>\n\n\n\n<li class=\"\">Tuber\u00edas de suministro de agua de doble camisa resistentes con accesorios de lat\u00f3n y soldados.<\/li>\n\n\n\n<li class=\"\">Nuestra insonorizaci\u00f3n es inigualable, con:<\/li>\n\n\n\n<li class=\"\">Desag\u00fces de doble espesor.<\/li>\n\n\n\n<li class=\"\">Muros perimetrales de ladrillo sellados a la estructura superior para el control del ruido entre residencias.<\/li>\n\n\n\n<li class=\"\">Muros interiores que se extienden por encima del techo.<\/li>\n\n\n\n<li class=\"\">Muros de ba\u00f1os y huecos aislados con fibra de vidrio para mayor aislamiento ac\u00fastico.<\/li>\n\n\n\n<li class=\"\">La infraestructura preparada para el futuro incluye:<\/li>\n\n\n\n<li class=\"\">Conductos para instalaciones de carga de veh\u00edculos el\u00e9ctricos desde las residencias (niveles 3 a 13) hasta el estacionamiento.<\/li>\n\n\n\n<li class=\"\">La seguridad es prioritaria con:<\/li>\n\n\n\n<li class=\"\">Un sistema de extinci\u00f3n de incendios presurizado con respaldo de energ\u00eda el\u00e9ctrica y di\u00e9sel.<\/li>\n\n\n\n<li class=\"\">Un generador para iluminaci\u00f3n de emergencia y sistemas esenciales.<\/li>\n\n\n\n<li class=\"\">Las \u00e1reas comunes y las residencias ofrecen calidad premium:<\/li>\n\n\n\n<li class=\"\">Muebles y decoraci\u00f3n de dise\u00f1o en las \u00e1reas comunes.<\/li>\n\n\n\n<li class=\"\">Gabinetes de madera aut\u00e9ntica, encimeras de granito y Caesarstone, y duchas de m\u00e1rmol en las residencias.<\/li>\n\n\n\n<li class=\"\">Cada detalle cumple con los m\u00e1s altos est\u00e1ndares de calidad y confort.<\/li>\n<\/ul>\n<\/div><figure class=\"wp-block-media-text__media\"><img loading=\"lazy\" decoding=\"async\" width=\"1024\" height=\"689\" src=\"https:\/\/vboulevard.com\/wp-content\/uploads\/2024\/12\/commercial-area-vboulevard-5-1024x689.webp\" alt=\"\" class=\"wp-image-761 size-full\" style=\"object-position:50% 50%\" srcset=\"https:\/\/vboulevard.com\/wp-content\/uploads\/2024\/12\/commercial-area-vboulevard-5-1024x689.webp 1024w, https:\/\/vboulevard.com\/wp-content\/uploads\/2024\/12\/commercial-area-vboulevard-5-300x202.webp 300w, https:\/\/vboulevard.com\/wp-content\/uploads\/2024\/12\/commercial-area-vboulevard-5-768x516.webp 768w, https:\/\/vboulevard.com\/wp-content\/uploads\/2024\/12\/commercial-area-vboulevard-5-1536x1033.webp 1536w, https:\/\/vboulevard.com\/wp-content\/uploads\/2024\/12\/commercial-area-vboulevard-5-18x12.webp 18w, https:\/\/vboulevard.com\/wp-content\/uploads\/2024\/12\/commercial-area-vboulevard-5.webp 2000w\" sizes=\"auto, (max-width: 1024px) 100vw, 1024px\" \/><\/figure><\/div>\n\n\n\n<div style=\"height:200px\" aria-hidden=\"true\" class=\"wp-block-spacer\"><\/div>","protected":false},"excerpt":{"rendered":"","protected":false},"author":2,"featured_media":0,"parent":0,"menu_order":0,"comment_status":"closed","ping_status":"closed","template":"","meta":{"nf_dc_page":"","content-type":"","pgc_sgb_lightbox_settings":"","iawp_total_views":1146,"footnotes":""},"class_list":["post-978","page","type-page","status-publish","hentry"],"aioseo_notices":[],"_links":{"self":[{"href":"https:\/\/vboulevard.com\/es\/wp-json\/wp\/v2\/pages\/978","targetHints":{"allow":["GET"]}}],"collection":[{"href":"https:\/\/vboulevard.com\/es\/wp-json\/wp\/v2\/pages"}],"about":[{"href":"https:\/\/vboulevard.com\/es\/wp-json\/wp\/v2\/types\/page"}],"author":[{"embeddable":true,"href":"https:\/\/vboulevard.com\/es\/wp-json\/wp\/v2\/users\/2"}],"replies":[{"embeddable":true,"href":"https:\/\/vboulevard.com\/es\/wp-json\/wp\/v2\/comments?post=978"}],"version-history":[{"count":4,"href":"https:\/\/vboulevard.com\/es\/wp-json\/wp\/v2\/pages\/978\/revisions"}],"predecessor-version":[{"id":1620,"href":"https:\/\/vboulevard.com\/es\/wp-json\/wp\/v2\/pages\/978\/revisions\/1620"}],"wp:attachment":[{"href":"https:\/\/vboulevard.com\/es\/wp-json\/wp\/v2\/media?parent=978"}],"curies":[{"name":"wp","href":"https:\/\/api.w.org\/{rel}","templated":true}]}}