{"id":720,"date":"2024-12-12T20:24:14","date_gmt":"2024-12-12T20:24:14","guid":{"rendered":"https:\/\/vboulevard.com\/?page_id=720"},"modified":"2025-03-25T17:19:06","modified_gmt":"2025-03-25T17:19:06","slug":"common-areas","status":"publish","type":"page","link":"https:\/\/vboulevard.com\/es\/common-areas\/","title":{"rendered":"\u00c1reas Comunes"},"content":{"rendered":"<div class=\"wp-block-cover alignfull is-light\" style=\"min-height:931px;aspect-ratio:unset;\"><span aria-hidden=\"true\" class=\"wp-block-cover__background has-black-background-color has-background-dim-20 has-background-dim\"><\/span><img loading=\"lazy\" decoding=\"async\" width=\"2000\" height=\"1345\" class=\"wp-block-cover__image-background wp-image-721\" alt=\"\" src=\"https:\/\/vboulevard.com\/wp-content\/uploads\/2024\/12\/vboulevard-common-areas-1.webp\" data-object-fit=\"cover\" srcset=\"https:\/\/vboulevard.com\/wp-content\/uploads\/2024\/12\/vboulevard-common-areas-1.webp 2000w, https:\/\/vboulevard.com\/wp-content\/uploads\/2024\/12\/vboulevard-common-areas-1-300x202.webp 300w, https:\/\/vboulevard.com\/wp-content\/uploads\/2024\/12\/vboulevard-common-areas-1-1024x689.webp 1024w, https:\/\/vboulevard.com\/wp-content\/uploads\/2024\/12\/vboulevard-common-areas-1-768x516.webp 768w, https:\/\/vboulevard.com\/wp-content\/uploads\/2024\/12\/vboulevard-common-areas-1-1536x1033.webp 1536w, https:\/\/vboulevard.com\/wp-content\/uploads\/2024\/12\/vboulevard-common-areas-1-18x12.webp 18w\" sizes=\"auto, (max-width: 2000px) 100vw, 2000px\" \/><div class=\"wp-block-cover__inner-container is-layout-constrained wp-block-cover-is-layout-constrained\">\n<p class=\"curv bot has-text-align-center has-white-color has-text-color has-link-color wp-elements-8d49bcff0558ffe7980a310582baf7d7\" style=\"font-size:5vw\">\u00c1reas Comunes<\/p>\n\n\n\n<div style=\"height:95px\" aria-hidden=\"true\" class=\"wp-block-spacer\"><\/div>\n<\/div><\/div>\n\n\n\n<div style=\"height:61px\" aria-hidden=\"true\" class=\"wp-block-spacer\"><\/div>\n\n\n\n<div class=\"nfd-gap-2xl nfd-gap-y-lg  boxmov2 wp-block-columns alignfull are-vertically-aligned-center is-layout-flex wp-container-core-columns-is-layout-febd5ed0 wp-block-columns-is-layout-flex\">\n<div class=\"wp-block-column is-layout-flow wp-block-column-is-layout-flow\" style=\"flex-basis:2%\"><\/div>\n\n\n\n<div class=\"wp-block-column is-vertically-aligned-center is-layout-flow wp-block-column-is-layout-flow\" style=\"flex-basis:40%\">\n<p class=\"curv has-text-align-center has-black-color has-text-color has-link-color wp-elements-d7ed7edb93c3b1ee3d08b92978ee60b2\" style=\"font-size:40px\">Terraza Nivel 3<\/p>\n\n\n\n<p class=\"has-text-align-center has-text-color has-link-color has-large-font-size wp-elements-80d344a0ba22147a6e11ebfc2a3af7f5\" style=\"color:#d5c1b1\">TORRE A<\/p>\n\n\n\n<p class=\"\">El nivel 3 funciona como centro principal de servicios y ofrece una impresionante variedad de caracter\u00edsticas: <\/p>\n\n\n\n<ul class=\"wp-block-list\">\n<li class=\"\">Amplia piscina<\/li>\n\n\n\n<li class=\"\">Jacuzzi<\/li>\n\n\n\n<li class=\"\">Restaurante exclusivo para residentes<\/li>\n\n\n\n<li class=\"\">Gimnasio<\/li>\n\n\n\n<li class=\"\">Habitaciones spa individuales y dobles<\/li>\n\n\n\n<li class=\"\">\u00c1reas de juego y de descanso<\/li>\n\n\n\n<li class=\"\">C\u00f3modos espacios para sentarse, todos con impresionantes vistas al oc\u00e9ano y al estadio. <\/li>\n<\/ul>\n\n\n\n<p class=\"\">Adem\u00e1s, este nivel incluye tres unidades residenciales cuidadosamente dise\u00f1adas.<\/p>\n<\/div>\n\n\n\n<div class=\"wp-block-column is-layout-flow wp-block-column-is-layout-flow\" style=\"flex-basis:57%\">\n<div style=\"height:48px\" aria-hidden=\"true\" class=\"wp-block-spacer\"><\/div>\n\n\n\n<figure class=\"wp-block-image size-large\"><img loading=\"lazy\" decoding=\"async\" width=\"1024\" height=\"688\" src=\"https:\/\/vboulevard.com\/wp-content\/uploads\/2024\/11\/vboulevard-29-condos-for-sale-in-puerto-vallarta-1024x688.webp\" alt=\"\" class=\"wp-image-531\" srcset=\"https:\/\/vboulevard.com\/wp-content\/uploads\/2024\/11\/vboulevard-29-condos-for-sale-in-puerto-vallarta-1024x688.webp 1024w, https:\/\/vboulevard.com\/wp-content\/uploads\/2024\/11\/vboulevard-29-condos-for-sale-in-puerto-vallarta-300x202.webp 300w, https:\/\/vboulevard.com\/wp-content\/uploads\/2024\/11\/vboulevard-29-condos-for-sale-in-puerto-vallarta-768x516.webp 768w, https:\/\/vboulevard.com\/wp-content\/uploads\/2024\/11\/vboulevard-29-condos-for-sale-in-puerto-vallarta-1536x1033.webp 1536w, https:\/\/vboulevard.com\/wp-content\/uploads\/2024\/11\/vboulevard-29-condos-for-sale-in-puerto-vallarta-18x12.webp 18w, https:\/\/vboulevard.com\/wp-content\/uploads\/2024\/11\/vboulevard-29-condos-for-sale-in-puerto-vallarta.webp 1800w\" sizes=\"auto, (max-width: 1024px) 100vw, 1024px\" \/><\/figure>\n<\/div>\n<\/div>\n\n\n\n<div style=\"height:60px\" aria-hidden=\"true\" class=\"wp-block-spacer\"><\/div>\n\n\n\n<div class=\"nfd-gap-2xl nfd-gap-y-lg boxmov2 wp-block-columns alignfull are-vertically-aligned-center is-layout-flex wp-container-core-columns-is-layout-febd5ed0 wp-block-columns-is-layout-flex\">\n<div class=\"wp-block-column is-layout-flow wp-block-column-is-layout-flow\" style=\"flex-basis:2%\"><\/div>\n\n\n\n<div class=\"wp-block-column is-vertically-aligned-center is-layout-flow wp-block-column-is-layout-flow\" style=\"flex-basis:40%\">\n<p class=\"curv has-text-align-center has-black-color has-text-color has-link-color wp-elements-1d9592bd58d6b23e1b3a721a03d11560\" style=\"font-size:60px\">Terraza<\/p>\n\n\n\n<div style=\"height:10px\" aria-hidden=\"true\" class=\"wp-block-spacer\"><\/div>\n\n\n\n<p class=\"has-text-align-center has-text-color has-link-color has-large-font-size wp-elements-80d344a0ba22147a6e11ebfc2a3af7f5\" style=\"color:#d5c1b1\">TORRE A<\/p>\n\n\n\n<hr class=\"wp-block-separator has-text-color has-alpha-channel-opacity has-background\" style=\"background-color:#008bb4;color:#008bb4\"\/>\n\n\n\n<p class=\"\">Encu\u00e9ntrese en un ambiente sofisticado con \u00e1reas de descanso, un dise\u00f1o arquitect\u00f3nico moderno y todas las comodidades para mejorar su experiencia de vida. La azotea de la Torre A en VBoulevard redefine el concepto de exclusividad y lujo. Este espacio ha sido dise\u00f1ado para ofrecerle un refugio privado.<\/p>\n\n\n\n<ul class=\"wp-block-list\">\n<li class=\"\">Zonas de descanso<\/li>\n\n\n\n<li class=\"\">Jacuzzi<\/li>\n\n\n\n<li class=\"\">Area de asador<\/li>\n<\/ul>\n<\/div>\n\n\n\n<div class=\"wp-block-column is-layout-flow wp-block-column-is-layout-flow\" style=\"flex-basis:57%\">\n<figure class=\"wp-block-image size-large\"><img loading=\"lazy\" decoding=\"async\" width=\"1024\" height=\"689\" src=\"https:\/\/vboulevard.com\/wp-content\/uploads\/2024\/12\/commercial-area-vboulevard-6-1024x689.webp\" alt=\"\" class=\"wp-image-800\" srcset=\"https:\/\/vboulevard.com\/wp-content\/uploads\/2024\/12\/commercial-area-vboulevard-6-1024x689.webp 1024w, https:\/\/vboulevard.com\/wp-content\/uploads\/2024\/12\/commercial-area-vboulevard-6-300x202.webp 300w, https:\/\/vboulevard.com\/wp-content\/uploads\/2024\/12\/commercial-area-vboulevard-6-768x516.webp 768w, https:\/\/vboulevard.com\/wp-content\/uploads\/2024\/12\/commercial-area-vboulevard-6-1536x1033.webp 1536w, https:\/\/vboulevard.com\/wp-content\/uploads\/2024\/12\/commercial-area-vboulevard-6-18x12.webp 18w, https:\/\/vboulevard.com\/wp-content\/uploads\/2024\/12\/commercial-area-vboulevard-6.webp 2000w\" sizes=\"auto, (max-width: 1024px) 100vw, 1024px\" \/><\/figure>\n<\/div>\n<\/div>\n\n\n\n<div style=\"height:60px\" aria-hidden=\"true\" class=\"wp-block-spacer\"><\/div>\n\n\n\n<div class=\"nfd-gap-2xl nfd-gap-y-lg boxmov2 wp-block-columns alignfull are-vertically-aligned-center is-layout-flex wp-container-core-columns-is-layout-febd5ed0 wp-block-columns-is-layout-flex\">\n<div class=\"wp-block-column is-layout-flow wp-block-column-is-layout-flow\" style=\"flex-basis:2%\"><\/div>\n\n\n\n<div class=\"wp-block-column is-vertically-aligned-center is-layout-flow wp-block-column-is-layout-flow\" style=\"flex-basis:40%\">\n<p class=\"curv has-text-align-center has-black-color has-text-color has-link-color wp-elements-1d9592bd58d6b23e1b3a721a03d11560\" style=\"font-size:60px\">Terraza<\/p>\n\n\n\n<div style=\"height:10px\" aria-hidden=\"true\" class=\"wp-block-spacer\"><\/div>\n\n\n\n<p class=\"has-text-align-center has-text-color has-link-color has-large-font-size wp-elements-eaff2b0403502d94bdc7ddf6c6ec9b9d\" style=\"color:#d5c1b1\">TORRE B<\/p>\n\n\n\n<hr class=\"wp-block-separator has-text-color has-alpha-channel-opacity has-background\" style=\"background-color:#008bb4;color:#008bb4\"\/>\n\n\n\n<p class=\"\">Del\u00e9itese en un entorno elegante con vistas panor\u00e1micas de Puerto Vallarta, que cuenta con \u00e1reas de descanso, un dise\u00f1o arquitect\u00f3nico moderno y comodidades exclusivas para elevar su estilo de vida. La azotea de la Torre B en VBoulevard redefine la esencia del lujo, ofreci\u00e9ndole un santuario privado sobre la ciudad.<\/p>\n\n\n\n<ul class=\"wp-block-list\">\n<li class=\"\">Zonas de descanso<\/li>\n\n\n\n<li class=\"\">Jacuzzi<\/li>\n\n\n\n<li class=\"\">Area de asador<\/li>\n<\/ul>\n<\/div>\n\n\n\n<div class=\"wp-block-column is-layout-flow wp-block-column-is-layout-flow\" style=\"flex-basis:57%\">\n<figure class=\"wp-block-image size-large\"><img loading=\"lazy\" decoding=\"async\" width=\"1024\" height=\"689\" src=\"https:\/\/vboulevard.com\/wp-content\/uploads\/2024\/12\/commercial-area-vboulevard-7-1024x689.webp\" alt=\"\" class=\"wp-image-801\" srcset=\"https:\/\/vboulevard.com\/wp-content\/uploads\/2024\/12\/commercial-area-vboulevard-7-1024x689.webp 1024w, https:\/\/vboulevard.com\/wp-content\/uploads\/2024\/12\/commercial-area-vboulevard-7-300x202.webp 300w, https:\/\/vboulevard.com\/wp-content\/uploads\/2024\/12\/commercial-area-vboulevard-7-768x516.webp 768w, https:\/\/vboulevard.com\/wp-content\/uploads\/2024\/12\/commercial-area-vboulevard-7-1536x1033.webp 1536w, https:\/\/vboulevard.com\/wp-content\/uploads\/2024\/12\/commercial-area-vboulevard-7-18x12.webp 18w, https:\/\/vboulevard.com\/wp-content\/uploads\/2024\/12\/commercial-area-vboulevard-7.webp 2000w\" sizes=\"auto, (max-width: 1024px) 100vw, 1024px\" \/><\/figure>\n<\/div>\n<\/div>\n\n\n\n<div style=\"height:60px\" aria-hidden=\"true\" class=\"wp-block-spacer\"><\/div>\n\n\n\n<div class=\"nfd-gap-2xl nfd-gap-y-lg boxmov2 wp-block-columns alignfull are-vertically-aligned-center is-layout-flex wp-container-core-columns-is-layout-febd5ed0 wp-block-columns-is-layout-flex\">\n<div class=\"wp-block-column is-layout-flow wp-block-column-is-layout-flow\" style=\"flex-basis:2%\"><\/div>\n\n\n\n<div class=\"wp-block-column is-vertically-aligned-center is-layout-flow wp-block-column-is-layout-flow\" style=\"flex-basis:40%\">\n<p class=\"curv has-text-align-center has-black-color has-text-color has-link-color wp-elements-875d4e50ee9b0a9cf0f19d023df8b1ed\" style=\"font-size:60px\">Lobby<\/p>\n\n\n\n<div style=\"height:47px\" aria-hidden=\"true\" class=\"wp-block-spacer\"><\/div>\n\n\n\n<hr class=\"wp-block-separator has-text-color has-alpha-channel-opacity has-background\" style=\"background-color:#008bb4;color:#008bb4\"\/>\n\n\n\n<p class=\"\">En V Boulevard, cada torre cuenta con su propio lobby independiente, dise\u00f1ado para ofrecer comodidad, privacidad y un ambiente sofisticado. Con seguridad 24\/7, este espacio combina elegancia y funcionalidad, asegurando que cada llegada sea una experiencia \u00fanica y placentera.<\/p>\n\n\n\n<ul class=\"wp-block-list\">\n<li class=\"\">Seguridad 24\/7<\/li>\n\n\n\n<li class=\"\">Elevadores<\/li>\n\n\n\n<li class=\"\">Vest\u00edbulo independiente Torre A<\/li>\n\n\n\n<li class=\"\">Vest\u00edbulo independiente Torre B<\/li>\n<\/ul>\n<\/div>\n\n\n\n<div class=\"wp-block-column is-layout-flow wp-block-column-is-layout-flow\" style=\"flex-basis:57%\">\n<figure class=\"wp-block-image size-large\"><img loading=\"lazy\" decoding=\"async\" width=\"1024\" height=\"688\" src=\"https:\/\/vboulevard.com\/wp-content\/uploads\/2024\/12\/commercial-area-vboulevard-1-1024x688.webp\" alt=\"\" class=\"wp-image-802\" srcset=\"https:\/\/vboulevard.com\/wp-content\/uploads\/2024\/12\/commercial-area-vboulevard-1-1024x688.webp 1024w, https:\/\/vboulevard.com\/wp-content\/uploads\/2024\/12\/commercial-area-vboulevard-1-300x202.webp 300w, https:\/\/vboulevard.com\/wp-content\/uploads\/2024\/12\/commercial-area-vboulevard-1-768x516.webp 768w, https:\/\/vboulevard.com\/wp-content\/uploads\/2024\/12\/commercial-area-vboulevard-1-1536x1033.webp 1536w, https:\/\/vboulevard.com\/wp-content\/uploads\/2024\/12\/commercial-area-vboulevard-1-18x12.webp 18w, https:\/\/vboulevard.com\/wp-content\/uploads\/2024\/12\/commercial-area-vboulevard-1.webp 1800w\" sizes=\"auto, (max-width: 1024px) 100vw, 1024px\" \/><\/figure>\n<\/div>\n<\/div>\n\n\n\n<div style=\"height:60px\" aria-hidden=\"true\" class=\"wp-block-spacer\"><\/div>\n\n\n\n<div class=\"nfd-gap-2xl nfd-gap-y-lg boxmov2 wp-block-columns alignfull are-vertically-aligned-center is-layout-flex wp-container-core-columns-is-layout-febd5ed0 wp-block-columns-is-layout-flex\">\n<div class=\"wp-block-column is-layout-flow wp-block-column-is-layout-flow\" style=\"flex-basis:2%\"><\/div>\n\n\n\n<div class=\"wp-block-column is-vertically-aligned-center is-layout-flow wp-block-column-is-layout-flow\" style=\"flex-basis:40%\">\n<p class=\"curv has-text-align-center has-black-color has-text-color has-link-color wp-elements-72b7200dd468f703f4430f6c230789d0\" style=\"font-size:60px\">Gimnasio<\/p>\n\n\n\n<div style=\"height:47px\" aria-hidden=\"true\" class=\"wp-block-spacer\"><\/div>\n\n\n\n<hr class=\"wp-block-separator has-text-color has-alpha-channel-opacity has-background\" style=\"background-color:#008bb4;color:#008bb4\"\/>\n\n\n\n<p class=\"\">Descubre un gimnasio dise\u00f1ado para inspirar y motivar tu estilo de vida saludable. Equipado con tecnolog\u00eda de vanguardia y espacios cuidadosamente planificados, este lugar es perfecto para entrenar y alcanzar tus objetivos.<\/p>\n<\/div>\n\n\n\n<div class=\"wp-block-column is-layout-flow wp-block-column-is-layout-flow\" style=\"flex-basis:57%\">\n<figure class=\"wp-block-image size-full\"><img loading=\"lazy\" decoding=\"async\" width=\"1000\" height=\"562\" src=\"https:\/\/vboulevard.com\/wp-content\/uploads\/2024\/12\/V-boulevard-gym2copia.webp\" alt=\"\" class=\"wp-image-942\" srcset=\"https:\/\/vboulevard.com\/wp-content\/uploads\/2024\/12\/V-boulevard-gym2copia.webp 1000w, https:\/\/vboulevard.com\/wp-content\/uploads\/2024\/12\/V-boulevard-gym2copia-300x169.webp 300w, https:\/\/vboulevard.com\/wp-content\/uploads\/2024\/12\/V-boulevard-gym2copia-768x432.webp 768w, https:\/\/vboulevard.com\/wp-content\/uploads\/2024\/12\/V-boulevard-gym2copia-18x10.webp 18w\" sizes=\"auto, (max-width: 1000px) 100vw, 1000px\" \/><\/figure>\n<\/div>\n<\/div>\n\n\n\n<div style=\"height:60px\" aria-hidden=\"true\" class=\"wp-block-spacer\"><\/div>","protected":false},"excerpt":{"rendered":"<p>Level 3 Terrace TOWER A Level 3 serves as the primary amenities hub, offering an impressive array of features: Additionally, this level includes three thoughtfully designed residential units. Rooftop TOWER&hellip;<\/p>","protected":false},"author":2,"featured_media":0,"parent":0,"menu_order":0,"comment_status":"closed","ping_status":"closed","template":"","meta":{"nf_dc_page":"","content-type":"","pgc_sgb_lightbox_settings":"","iawp_total_views":1425,"footnotes":""},"class_list":["post-720","page","type-page","status-publish","hentry"],"aioseo_notices":[],"_links":{"self":[{"href":"https:\/\/vboulevard.com\/es\/wp-json\/wp\/v2\/pages\/720","targetHints":{"allow":["GET"]}}],"collection":[{"href":"https:\/\/vboulevard.com\/es\/wp-json\/wp\/v2\/pages"}],"about":[{"href":"https:\/\/vboulevard.com\/es\/wp-json\/wp\/v2\/types\/page"}],"author":[{"embeddable":true,"href":"https:\/\/vboulevard.com\/es\/wp-json\/wp\/v2\/users\/2"}],"replies":[{"embeddable":true,"href":"https:\/\/vboulevard.com\/es\/wp-json\/wp\/v2\/comments?post=720"}],"version-history":[{"count":4,"href":"https:\/\/vboulevard.com\/es\/wp-json\/wp\/v2\/pages\/720\/revisions"}],"predecessor-version":[{"id":1210,"href":"https:\/\/vboulevard.com\/es\/wp-json\/wp\/v2\/pages\/720\/revisions\/1210"}],"wp:attachment":[{"href":"https:\/\/vboulevard.com\/es\/wp-json\/wp\/v2\/media?parent=720"}],"curies":[{"name":"wp","href":"https:\/\/api.w.org\/{rel}","templated":true}]}}