{"id":1444,"date":"2025-07-08T18:24:12","date_gmt":"2025-07-08T18:24:12","guid":{"rendered":"https:\/\/vboulevard.com\/?page_id=1444"},"modified":"2025-07-29T20:11:07","modified_gmt":"2025-07-29T20:11:07","slug":"financing-plans","status":"publish","type":"page","link":"https:\/\/vboulevard.com\/es\/financing-plans\/","title":{"rendered":"Financing Plans"},"content":{"rendered":"<div class=\"wp-block-columns alignfull are-vertically-aligned-center is-layout-flex wp-container-core-columns-is-layout-9d6595d7 wp-block-columns-is-layout-flex\">\n<div class=\"wp-block-column is-vertically-aligned-center is-layout-flow wp-block-column-is-layout-flow\" style=\"flex-basis:10%\"><\/div>\n\n\n\n<div class=\"wp-block-column is-vertically-aligned-center is-layout-flow wp-block-column-is-layout-flow\" style=\"flex-basis:80%\"><div class=\"wp-block-image\">\n<figure class=\"aligncenter size-full is-resized\"><img loading=\"lazy\" decoding=\"async\" width=\"315\" height=\"300\" src=\"https:\/\/vboulevard.com\/wp-content\/uploads\/2024\/10\/V-Blvd-LOGO1.webp\" alt=\"\" class=\"wp-image-136\" style=\"width:65px;height:auto\" srcset=\"https:\/\/vboulevard.com\/wp-content\/uploads\/2024\/10\/V-Blvd-LOGO1.webp 315w, https:\/\/vboulevard.com\/wp-content\/uploads\/2024\/10\/V-Blvd-LOGO1-300x286.webp 300w\" sizes=\"auto, (max-width: 315px) 100vw, 315px\" \/><\/figure>\n<\/div>\n\n\n<p class=\"curv has-text-align-center has-x-large-font-size\">\u00bfInteresado en opciones de financiamiento?<\/p>\n\n\n\n<div style=\"height:90px\" aria-hidden=\"true\" class=\"wp-block-spacer\"><\/div>\n\n\n\n<p class=\"\">Estamos aqu\u00ed para ayudarle a hacer su inversi\u00f3n m\u00e1s f\u00e1cil.<\/p>\n\n\n\n<p class=\"\">Ya sea que est\u00e9 buscando condiciones de pago flexibles, opciones de bajo inter\u00e9s o simplemente quiera explorar lo que es posible, nuestro equipo est\u00e1 listo para guiarlo en cada paso del camino.<\/p>\n\n\n\n<p class=\"\"><strong>Complete el formulario y nos comunicaremos con usted en breve.<\/strong><\/p>\n\n\n\n<script src=\"https:\/\/js.hsforms.net\/forms\/embed\/47511159.js\" defer><\/script>\n<div class=\"hs-form-frame\" data-region=\"na1\" data-form-id=\"93442b10-d6ca-4ae5-9f7f-678c0febb3a6\" data-portal-id=\"47511159\"><\/div>\n<\/div>\n\n\n\n<div class=\"wp-block-column is-vertically-aligned-center is-layout-flow wp-block-column-is-layout-flow\" style=\"flex-basis:10%\"><\/div>\n<\/div>\n\n\n\n<figure class=\"wp-block-gallery alignfull has-nested-images columns-5 is-cropped wp-block-gallery-1 is-layout-flex wp-block-gallery-is-layout-flex\">\n<figure class=\"wp-block-image size-full\"><img loading=\"lazy\" decoding=\"async\" width=\"2560\" height=\"1721\" data-id=\"838\" src=\"https:\/\/vboulevard.com\/wp-content\/uploads\/2024\/12\/VBV-EXTERIOR-1-scaled.jpeg\" alt=\"VBoulevard real estate development exterior with balconies\" class=\"wp-image-838\" srcset=\"https:\/\/vboulevard.com\/wp-content\/uploads\/2024\/12\/VBV-EXTERIOR-1-scaled.jpeg 2560w, https:\/\/vboulevard.com\/wp-content\/uploads\/2024\/12\/VBV-EXTERIOR-1-300x202.jpeg 300w, https:\/\/vboulevard.com\/wp-content\/uploads\/2024\/12\/VBV-EXTERIOR-1-1024x688.jpeg 1024w, https:\/\/vboulevard.com\/wp-content\/uploads\/2024\/12\/VBV-EXTERIOR-1-768x516.jpeg 768w, https:\/\/vboulevard.com\/wp-content\/uploads\/2024\/12\/VBV-EXTERIOR-1-1536x1033.jpeg 1536w, https:\/\/vboulevard.com\/wp-content\/uploads\/2024\/12\/VBV-EXTERIOR-1-2048x1377.jpeg 2048w, https:\/\/vboulevard.com\/wp-content\/uploads\/2024\/12\/VBV-EXTERIOR-1-18x12.jpeg 18w\" sizes=\"auto, (max-width: 2560px) 100vw, 2560px\" \/><\/figure>\n\n\n\n<figure class=\"wp-block-image size-full\"><img loading=\"lazy\" decoding=\"async\" width=\"1800\" height=\"1210\" data-id=\"802\" src=\"https:\/\/vboulevard.com\/wp-content\/uploads\/2024\/12\/commercial-area-vboulevard-1.webp\" alt=\"Modern commercial spaces available at VBoulevard in Puerto Vallarta\" class=\"wp-image-802\" srcset=\"https:\/\/vboulevard.com\/wp-content\/uploads\/2024\/12\/commercial-area-vboulevard-1.webp 1800w, https:\/\/vboulevard.com\/wp-content\/uploads\/2024\/12\/commercial-area-vboulevard-1-300x202.webp 300w, https:\/\/vboulevard.com\/wp-content\/uploads\/2024\/12\/commercial-area-vboulevard-1-1024x688.webp 1024w, https:\/\/vboulevard.com\/wp-content\/uploads\/2024\/12\/commercial-area-vboulevard-1-768x516.webp 768w, https:\/\/vboulevard.com\/wp-content\/uploads\/2024\/12\/commercial-area-vboulevard-1-1536x1033.webp 1536w, https:\/\/vboulevard.com\/wp-content\/uploads\/2024\/12\/commercial-area-vboulevard-1-18x12.webp 18w\" sizes=\"auto, (max-width: 1800px) 100vw, 1800px\" \/><\/figure>\n\n\n\n<figure class=\"wp-block-image size-full\"><img loading=\"lazy\" decoding=\"async\" width=\"2000\" height=\"1345\" data-id=\"800\" src=\"https:\/\/vboulevard.com\/wp-content\/uploads\/2024\/12\/commercial-area-vboulevard-6.webp\" alt=\"Rooftop terrace at VBoulevard featuring panoramic views of Banderas Bay\" class=\"wp-image-800\" srcset=\"https:\/\/vboulevard.com\/wp-content\/uploads\/2024\/12\/commercial-area-vboulevard-6.webp 2000w, https:\/\/vboulevard.com\/wp-content\/uploads\/2024\/12\/commercial-area-vboulevard-6-300x202.webp 300w, https:\/\/vboulevard.com\/wp-content\/uploads\/2024\/12\/commercial-area-vboulevard-6-1024x689.webp 1024w, https:\/\/vboulevard.com\/wp-content\/uploads\/2024\/12\/commercial-area-vboulevard-6-768x516.webp 768w, https:\/\/vboulevard.com\/wp-content\/uploads\/2024\/12\/commercial-area-vboulevard-6-1536x1033.webp 1536w, https:\/\/vboulevard.com\/wp-content\/uploads\/2024\/12\/commercial-area-vboulevard-6-18x12.webp 18w\" sizes=\"auto, (max-width: 2000px) 100vw, 2000px\" \/><\/figure>\n\n\n\n<figure class=\"wp-block-image size-full\"><img loading=\"lazy\" decoding=\"async\" width=\"2000\" height=\"1345\" data-id=\"721\" src=\"https:\/\/vboulevard.com\/wp-content\/uploads\/2024\/12\/vboulevard-common-areas-1.webp\" alt=\"Infinity pool on the 4th level of VBoulevard with ocean view\" class=\"wp-image-721\" srcset=\"https:\/\/vboulevard.com\/wp-content\/uploads\/2024\/12\/vboulevard-common-areas-1.webp 2000w, https:\/\/vboulevard.com\/wp-content\/uploads\/2024\/12\/vboulevard-common-areas-1-300x202.webp 300w, https:\/\/vboulevard.com\/wp-content\/uploads\/2024\/12\/vboulevard-common-areas-1-1024x689.webp 1024w, https:\/\/vboulevard.com\/wp-content\/uploads\/2024\/12\/vboulevard-common-areas-1-768x516.webp 768w, https:\/\/vboulevard.com\/wp-content\/uploads\/2024\/12\/vboulevard-common-areas-1-1536x1033.webp 1536w, https:\/\/vboulevard.com\/wp-content\/uploads\/2024\/12\/vboulevard-common-areas-1-18x12.webp 18w\" sizes=\"auto, (max-width: 2000px) 100vw, 2000px\" \/><\/figure>\n\n\n\n<figure class=\"wp-block-image size-full\"><img loading=\"lazy\" decoding=\"async\" width=\"2000\" height=\"1345\" data-id=\"760\" src=\"https:\/\/vboulevard.com\/wp-content\/uploads\/2024\/12\/commercial-area-vboulevard-4.webp\" alt=\"VBoulevard commercial property for sale or lease near Hotel Zone\" class=\"wp-image-760\" srcset=\"https:\/\/vboulevard.com\/wp-content\/uploads\/2024\/12\/commercial-area-vboulevard-4.webp 2000w, https:\/\/vboulevard.com\/wp-content\/uploads\/2024\/12\/commercial-area-vboulevard-4-300x202.webp 300w, https:\/\/vboulevard.com\/wp-content\/uploads\/2024\/12\/commercial-area-vboulevard-4-1024x689.webp 1024w, https:\/\/vboulevard.com\/wp-content\/uploads\/2024\/12\/commercial-area-vboulevard-4-768x516.webp 768w, https:\/\/vboulevard.com\/wp-content\/uploads\/2024\/12\/commercial-area-vboulevard-4-1536x1033.webp 1536w, https:\/\/vboulevard.com\/wp-content\/uploads\/2024\/12\/commercial-area-vboulevard-4-18x12.webp 18w\" sizes=\"auto, (max-width: 2000px) 100vw, 2000px\" \/><\/figure>\n<\/figure>","protected":false},"excerpt":{"rendered":"<p>Interested in Financing Options? We\u2019re here to help make your investment easier. Whether you\u2019re looking for flexible payment terms, low-interest options, or just want to explore what\u2019s possible, our team&hellip;<\/p>","protected":false},"author":2,"featured_media":0,"parent":0,"menu_order":0,"comment_status":"closed","ping_status":"closed","template":"","meta":{"nf_dc_page":"","content-type":"","pgc_sgb_lightbox_settings":"","iawp_total_views":504,"footnotes":""},"class_list":["post-1444","page","type-page","status-publish","hentry"],"aioseo_notices":[],"_links":{"self":[{"href":"https:\/\/vboulevard.com\/es\/wp-json\/wp\/v2\/pages\/1444","targetHints":{"allow":["GET"]}}],"collection":[{"href":"https:\/\/vboulevard.com\/es\/wp-json\/wp\/v2\/pages"}],"about":[{"href":"https:\/\/vboulevard.com\/es\/wp-json\/wp\/v2\/types\/page"}],"author":[{"embeddable":true,"href":"https:\/\/vboulevard.com\/es\/wp-json\/wp\/v2\/users\/2"}],"replies":[{"embeddable":true,"href":"https:\/\/vboulevard.com\/es\/wp-json\/wp\/v2\/comments?post=1444"}],"version-history":[{"count":4,"href":"https:\/\/vboulevard.com\/es\/wp-json\/wp\/v2\/pages\/1444\/revisions"}],"predecessor-version":[{"id":1492,"href":"https:\/\/vboulevard.com\/es\/wp-json\/wp\/v2\/pages\/1444\/revisions\/1492"}],"wp:attachment":[{"href":"https:\/\/vboulevard.com\/es\/wp-json\/wp\/v2\/media?parent=1444"}],"curies":[{"name":"wp","href":"https:\/\/api.w.org\/{rel}","templated":true}]}}